{"id":116,"date":"2022-11-14T13:55:15","date_gmt":"2022-11-14T13:55:15","guid":{"rendered":"https:\/\/new.renubero.com\/?page_id=116"},"modified":"2022-11-14T14:01:06","modified_gmt":"2022-11-14T14:01:06","slug":"impressum","status":"publish","type":"page","link":"https:\/\/prace.renubero.com\/?page_id=116","title":{"rendered":"Impressum"},"content":{"rendered":"<p>[et_pb_section fb_built=&#8221;1&#8243; theme_builder_area=&#8221;post_content&#8221; _builder_version=&#8221;4.19.0&#8243; _module_preset=&#8221;default&#8221;][et_pb_row _builder_version=&#8221;4.19.0&#8243; _module_preset=&#8221;default&#8221; theme_builder_area=&#8221;post_content&#8221;][et_pb_column _builder_version=&#8221;4.19.0&#8243; _module_preset=&#8221;default&#8221; type=&#8221;4_4&#8243; theme_builder_area=&#8221;post_content&#8221;][et_pb_text _builder_version=&#8221;4.19.0&#8243; _module_preset=&#8221;default&#8221; theme_builder_area=&#8221;post_content&#8221; hover_enabled=&#8221;0&#8243; sticky_enabled=&#8221;0&#8243;]<\/p>\n<h3 class=\"vc_custom_heading vc_custom_1508939103420\">Verantwortlich f\u00fcr den Inhalt der Seite<\/h3>\n<div class=\"wpb_text_column wpb_content_element vc_custom_1511348850101\">\n<div class=\"wpb_wrapper\">\n<p>RENUBERO AG<br \/>Hauptstrasse 52<br \/>8832 Wollerau<\/p>\n<p><a href=\"mailto:kontakt@renubero.ch\">kontakt@renubero.ch<\/a><br \/><a href=\"tel:+41438185182\">+41 43 818 51 82<\/a><\/p>\n<p><strong>Konzeption, Gestaltung und Umsetzung der Internetseite von <a href=\"https:\/\/shytsee.de\" target=\"_blank\" rel=\"noopener noreferrer\">Shytsee<\/a>.<\/strong><\/p>\n<\/div>\n<\/div>\n<h4 class=\"vc_custom_heading vc_custom_1508939335487\">Rechtliche Hinweise<\/h4>\n<div class=\"wpb_text_column wpb_content_element vc_custom_1508940110315\">\n<div class=\"wpb_wrapper\">\n<p>Diese Webseite wird regelm\u00e4ssig aktualisiert. Trotzdem kann keine Garantie f\u00fcr die Korrektheit der Informationen gegeben werden. Alle Angaben sind ohne Gew\u00e4hr und es kann keine Haftung \u00fcbernommen werden. Die Angaben k\u00f6nnen ohne Vorank\u00fcndigung ge\u00e4ndert werden. Durch das Betrachten und Lesen der Webseite kommt kein Vertrag f\u00fcr eine Dienstleistung zwischen dem Nutzer und dem Anbieter zustande. Renubero AG \u00fcbernimmt keine Gew\u00e4hrleistung f\u00fcr die Richtigkeit, Vollst\u00e4ndigkeit und Aktualit\u00e4t des Webseiteninhalts. Die Website von Renubero AG hat Verkn\u00fcpfungen zu Websites Dritter. F\u00fcr die verlinkten Webseiten haftet der jeweilige Betreiber. Renubero AG hat keinen Einfluss auf die Gestaltung und auf die Inhalte der verkn\u00fcpften Seiten. Der Link bedeutet auch nicht, dass Renubero AG mit dem Inhalt der verlinkten Seiten in jedem Fall einverstanden ist.<\/p>\n<\/div>\n<\/div>\n<p>[\/et_pb_text][et_pb_text _builder_version=&#8221;4.19.0&#8243; _module_preset=&#8221;default&#8221; theme_builder_area=&#8221;post_content&#8221; hover_enabled=&#8221;0&#8243; sticky_enabled=&#8221;0&#8243;]<\/p>\n<p>Obrazov\u00e9 \u00fav\u011bry:<\/p>\n<ul>\n<li><a href=\"https:\/\/stock.adobe.com\/de\/contributor\/201206918\/industrieblick?load_type=author&amp;prev_url=detail\" target=\"_blank\" rel=\"noopener noreferrer\">industrieblick<\/a> \/ <a href=\"https:\/\/stock.adobe.co\" target=\"_blank\" rel=\"noopener noreferrer\">stock.adobe.com<\/a> (Nr. <a href=\"https:\/\/stock.adobe.com\/de\/images\/friendly-craftsman-points-to-a-free-billboard-isolated-worker-with-work-clothes\/276321705\" target=\"_blank\" rel=\"noopener noreferrer\">276321705<\/a>)<\/li>\n<li><a href=\"https:\/\/stock.adobe.com\/de\/contributor\/201861072\/jfl-photography?load_type=author&amp;prev_url=detail\" target=\"_blank\" rel=\"noopener noreferrer\">JFL Photography<\/a> \/ <a href=\"https:\/\/stock.adobe.co\" target=\"_blank\" rel=\"noopener noreferrer\">stock.adobe.com<\/a> (Nr.<a href=\"https:\/\/stock.adobe.com\/de\/images\/aerial-view-of-zurich-city-center-with-river-limmat-switzerland\/118763263?asset_id=118763263\"> 118763263<\/a>)<\/li>\n<li><a href=\"https:\/\/stock.adobe.com\/de\/contributor\/7318\/tyler-olson?load_type=author&amp;prev_url=detail\" target=\"_blank\" rel=\"noopener noreferrer\">Tyler Olson<\/a> \/ <a href=\"https:\/\/stock.adobe.co\" target=\"_blank\" rel=\"noopener noreferrer\">stock.adobe.com<\/a> (Nr. <a href=\"https:\/\/stock.adobe.com\/de\/images\/carpenters-working-at-construction-site\/168704521\" target=\"_blank\" rel=\"noopener noreferrer\">168704521<\/a>)<\/li>\n<li><a href=\"https:\/\/stock.adobe.com\/de\/contributor\/204134029\/guerrieroale?load_type=author&amp;prev_url=detail\" target=\"_blank\" rel=\"noopener noreferrer\">guerrieroale<\/a> \/ <a href=\"https:\/\/stock.adobe.co\" target=\"_blank\" rel=\"noopener noreferrer\">stock.adobe.com<\/a> (Nr. <a href=\"https:\/\/stock.adobe.com\/de\/images\/construction-plans-with-drawing-tools-house-miniature-and-safety\/135586515\" target=\"_blank\" rel=\"noopener noreferrer\">135586515<\/a>)<\/li>\n<li><a href=\"https:\/\/stock.adobe.com\/de\/contributor\/203602907\/ddrockstar?load_type=author&amp;prev_url=detail\" target=\"_blank\" rel=\"noopener noreferrer\">DDRockstar<\/a> \/ <a href=\"https:\/\/stock.adobe.co\" target=\"_blank\" rel=\"noopener noreferrer\">stock.adobe.com<\/a> (Nr. <a class=\"js-detail-content-id\" href=\"https:\/\/stock.adobe.com\/de\/images\/bauarbeiter-mit-geld\/77502764?prev_url=detail\" data-ingest-clicktype=\"click-file-id\">77502764<\/a>)<\/li>\n<\/ul>\n<p>[\/et_pb_text][\/et_pb_column][\/et_pb_row][\/et_pb_section]<\/p>\n","protected":false},"excerpt":{"rendered":"<p>Verantwortlich f\u00fcr den Inhalt der Seite RENUBERO AGHauptstrasse 528832 Wollerau kontakt@renubero.ch+41 43 818 51 82 Konzeption, Gestaltung und Umsetzung der Internetseite von Shytsee. Rechtliche Hinweise Diese Webseite wird regelm\u00e4ssig aktualisiert. Trotzdem kann keine Garantie f\u00fcr die Korrektheit der Informationen gegeben werden. Alle Angaben sind ohne Gew\u00e4hr und es kann keine Haftung \u00fcbernommen werden. Die Angaben [&hellip;]<\/p>\n","protected":false},"author":2,"featured_media":0,"parent":0,"menu_order":0,"comment_status":"closed","ping_status":"closed","template":"","meta":{"_et_pb_use_builder":"on","_et_pb_old_content":"<!-- wp:divi\/placeholder \/-->","_et_gb_content_width":"","footnotes":""},"_links":{"self":[{"href":"https:\/\/prace.renubero.com\/index.php?rest_route=\/wp\/v2\/pages\/116"}],"collection":[{"href":"https:\/\/prace.renubero.com\/index.php?rest_route=\/wp\/v2\/pages"}],"about":[{"href":"https:\/\/prace.renubero.com\/index.php?rest_route=\/wp\/v2\/types\/page"}],"author":[{"embeddable":true,"href":"https:\/\/prace.renubero.com\/index.php?rest_route=\/wp\/v2\/users\/2"}],"replies":[{"embeddable":true,"href":"https:\/\/prace.renubero.com\/index.php?rest_route=%2Fwp%2Fv2%2Fcomments&post=116"}],"version-history":[{"count":3,"href":"https:\/\/prace.renubero.com\/index.php?rest_route=\/wp\/v2\/pages\/116\/revisions"}],"predecessor-version":[{"id":125,"href":"https:\/\/prace.renubero.com\/index.php?rest_route=\/wp\/v2\/pages\/116\/revisions\/125"}],"wp:attachment":[{"href":"https:\/\/prace.renubero.com\/index.php?rest_route=%2Fwp%2Fv2%2Fmedia&parent=116"}],"curies":[{"name":"wp","href":"https:\/\/api.w.org\/{rel}","templated":true}]}}